{"id":127,"date":"2016-11-12T11:41:29","date_gmt":"2016-11-12T10:41:29","guid":{"rendered":"http:\/\/www.fliri.net\/it\/?page_id=127"},"modified":"2016-11-27T21:05:54","modified_gmt":"2016-11-27T20:05:54","slug":"dove-siamo","status":"publish","type":"page","link":"https:\/\/www.fliri.net\/it\/dove-siamo\/","title":{"rendered":"Dove siamo"},"content":{"rendered":"<div id=\"contentPicturePanel\">\n<p>Da noi \u00e8 un susseguirsi di impressioni sempre nuove, che ammaliano i sensi e si combinano ad aria fresca, colori chiari, profumi intensi, rumori ovattati, spettacoli della natura e\u2026pace! Siamo davvero riconoscenti alla vita, che ci ha destinati a questa meravigliosa parte di mondo: Vallelunga \u00e8 una valle ancora tranquilla e incontaminata, il cui fascino deriva dalla posizione isolata e dalla semplicit\u00e0. La nostra piccola corte, improntata alla bioedilizia, con la casa di paglia, si trova nella parte posteriore delle tre aree di Vallelunga, non lontana dalla pittoresca fine della valle, che si estende fino al ghiacciaio della Palla Bianca. Nonostante l\u2019altezza (1850 m) qui il clima \u00e8 particolarmente gradevole, poich\u00e9 la valle si trova sul lato sud delle Alpi. Viviamo in una zona a clima terapeutico, un vero toccasana non soltanto per noi, ma anche per tutti coloro che soffrono di allergie. E quando le estati nei bassopiani sono afose e spossanti, da noi \u00e8 possibile crogiolarsi sotto un sole caldo e respirare al contempo aria pura a pieni polmoni. Gli inverni sono invece quelli da cartolina, tipici dell\u2019alta montagna: una coltre di neve bianca e compatta, in un contrasto armonico con il cielo blu e il sole dorato. Tuttavia, nonostante il nostro piacevole rifugio isolato nella pace di questa valle meravigliosa, del quale subiamo il fascino ogni giorno di pi\u00f9, non ci manca nulla neppure a livello di attrazioni culturali. La Val Venosta offriva gi\u00e0 alle popolazioni che ci hanno preceduto diverse opportunit\u00e0 per vivere e commerciare senza problemi e i dintorni della valle abbondano delle tracce lasciate da civilt\u00e0 passate: la citt\u00e0 commerciale medievale di Glorenza, di epoca medievale, il convento di San Giovanni a M\u00fcstair, patrimonio mondiale dell&#8217;Unesco, il Castello di Churburg a Sluderno, per citare solo alcune delle mete che meritano una visita e sono probabilmente in grado di ricreare il tanto ambito equilibrio con la natura.<\/p>\n<p>Una vacanza in questi luoghi soddisfa senza ombra di dubbio sia le esigenze di chi \u00e8 alla ricerca di relax e pace, sia degli amanti di sport e vita attiva. E per noi \u00e8 una vera gioia potervi offrire l&#8217;ambiente giusto per soddisfare i vostri desideri.<\/p>\n<p>Vi auguriamo di trascorrere una splendida vacanza!<\/p>\n<\/div>\n","protected":false},"excerpt":{"rendered":"<p>Da noi \u00e8 un susseguirsi di impressioni sempre nuove, che ammaliano i sensi e si combinano ad aria fresca, colori chiari, profumi intensi, rumori ovattati, spettacoli della natura e\u2026pace! Siamo davvero riconoscenti alla vita, che ci ha destinati a questa meravigliosa parte di mondo: Vallelunga \u00e8 una valle ancora tranquilla e incontaminata, il cui fascino [&hellip;]<\/p>\n","protected":false},"author":1,"featured_media":85,"parent":0,"menu_order":0,"comment_status":"closed","ping_status":"closed","template":"","meta":{"advgb_blocks_editor_width":"","advgb_blocks_columns_visual_guide":"","footnotes":""},"class_list":["post-127","page","type-page","status-publish","has-post-thumbnail","hentry"],"yoast_head":"<!-- This site is optimized with the Yoast SEO plugin v27.4 - https:\/\/yoast.com\/product\/yoast-seo-wordpress\/ -->\n<title>Dove siamo - Richard Fliri | Ferienwohnungen in der N\u00e4he des Reschensee<\/title>\n<meta name=\"robots\" content=\"index, follow, max-snippet:-1, max-image-preview:large, max-video-preview:-1\" \/>\n<link rel=\"canonical\" href=\"https:\/\/www.fliri.net\/it\/dove-siamo\/\" \/>\n<meta property=\"og:locale\" content=\"it_IT\" \/>\n<meta property=\"og:type\" content=\"article\" \/>\n<meta property=\"og:title\" content=\"Dove siamo - Richard Fliri | Ferienwohnungen in der N\u00e4he des Reschensee\" \/>\n<meta property=\"og:description\" content=\"Da noi \u00e8 un susseguirsi di impressioni sempre nuove, che ammaliano i sensi e si combinano ad aria fresca, colori chiari, profumi intensi, rumori ovattati, spettacoli della natura e\u2026pace! Siamo davvero riconoscenti alla vita, che ci ha destinati a questa meravigliosa parte di mondo: Vallelunga \u00e8 una valle ancora tranquilla e incontaminata, il cui fascino [&hellip;]\" \/>\n<meta property=\"og:url\" content=\"https:\/\/www.fliri.net\/it\/dove-siamo\/\" \/>\n<meta property=\"og:site_name\" content=\"Richard Fliri | Ferienwohnungen in der N\u00e4he des Reschensee\" \/>\n<meta property=\"article:modified_time\" content=\"2016-11-27T20:05:54+00:00\" \/>\n<meta property=\"og:image\" content=\"https:\/\/www.fliri.net\/wp-content\/uploads\/lage3.jpg\" \/>\n\t<meta property=\"og:image:width\" content=\"600\" \/>\n\t<meta property=\"og:image:height\" content=\"351\" \/>\n\t<meta property=\"og:image:type\" content=\"image\/jpeg\" \/>\n<meta name=\"twitter:card\" content=\"summary_large_image\" \/>\n<meta name=\"twitter:label1\" content=\"Tempo di lettura stimato\" \/>\n\t<meta name=\"twitter:data1\" content=\"2 minuti\" \/>\n<script type=\"application\/ld+json\" class=\"yoast-schema-graph\">{\"@context\":\"https:\\\/\\\/schema.org\",\"@graph\":[{\"@type\":\"WebPage\",\"@id\":\"https:\\\/\\\/www.fliri.net\\\/it\\\/dove-siamo\\\/\",\"url\":\"https:\\\/\\\/www.fliri.net\\\/it\\\/dove-siamo\\\/\",\"name\":\"Dove siamo - Richard Fliri | Ferienwohnungen in der N\u00e4he des Reschensee\",\"isPartOf\":{\"@id\":\"https:\\\/\\\/www.fliri.net\\\/#website\"},\"primaryImageOfPage\":{\"@id\":\"https:\\\/\\\/www.fliri.net\\\/it\\\/dove-siamo\\\/#primaryimage\"},\"image\":{\"@id\":\"https:\\\/\\\/www.fliri.net\\\/it\\\/dove-siamo\\\/#primaryimage\"},\"thumbnailUrl\":\"https:\\\/\\\/www.fliri.net\\\/wp-content\\\/uploads\\\/lage3.jpg\",\"datePublished\":\"2016-11-12T10:41:29+00:00\",\"dateModified\":\"2016-11-27T20:05:54+00:00\",\"breadcrumb\":{\"@id\":\"https:\\\/\\\/www.fliri.net\\\/it\\\/dove-siamo\\\/#breadcrumb\"},\"inLanguage\":\"it-IT\",\"potentialAction\":[{\"@type\":\"ReadAction\",\"target\":[\"https:\\\/\\\/www.fliri.net\\\/it\\\/dove-siamo\\\/\"]}]},{\"@type\":\"ImageObject\",\"inLanguage\":\"it-IT\",\"@id\":\"https:\\\/\\\/www.fliri.net\\\/it\\\/dove-siamo\\\/#primaryimage\",\"url\":\"https:\\\/\\\/www.fliri.net\\\/wp-content\\\/uploads\\\/lage3.jpg\",\"contentUrl\":\"https:\\\/\\\/www.fliri.net\\\/wp-content\\\/uploads\\\/lage3.jpg\",\"width\":600,\"height\":351},{\"@type\":\"BreadcrumbList\",\"@id\":\"https:\\\/\\\/www.fliri.net\\\/it\\\/dove-siamo\\\/#breadcrumb\",\"itemListElement\":[{\"@type\":\"ListItem\",\"position\":1,\"name\":\"Startseite\",\"item\":\"https:\\\/\\\/www.fliri.net\\\/it\\\/\"},{\"@type\":\"ListItem\",\"position\":2,\"name\":\"Dove siamo\"}]},{\"@type\":\"WebSite\",\"@id\":\"https:\\\/\\\/www.fliri.net\\\/#website\",\"url\":\"https:\\\/\\\/www.fliri.net\\\/\",\"name\":\"Richard Fliri | Nat\u00fcrliches Ferienwohnen\",\"description\":\"Nat\u00fcrliches Ferienwohnen\",\"potentialAction\":[{\"@type\":\"SearchAction\",\"target\":{\"@type\":\"EntryPoint\",\"urlTemplate\":\"https:\\\/\\\/www.fliri.net\\\/?s={search_term_string}\"},\"query-input\":{\"@type\":\"PropertyValueSpecification\",\"valueRequired\":true,\"valueName\":\"search_term_string\"}}],\"inLanguage\":\"it-IT\"}]}<\/script>\n<!-- \/ Yoast SEO plugin. -->","yoast_head_json":{"title":"Dove siamo - Richard Fliri | Ferienwohnungen in der N\u00e4he des Reschensee","robots":{"index":"index","follow":"follow","max-snippet":"max-snippet:-1","max-image-preview":"max-image-preview:large","max-video-preview":"max-video-preview:-1"},"canonical":"https:\/\/www.fliri.net\/it\/dove-siamo\/","og_locale":"it_IT","og_type":"article","og_title":"Dove siamo - Richard Fliri | Ferienwohnungen in der N\u00e4he des Reschensee","og_description":"Da noi \u00e8 un susseguirsi di impressioni sempre nuove, che ammaliano i sensi e si combinano ad aria fresca, colori chiari, profumi intensi, rumori ovattati, spettacoli della natura e\u2026pace! Siamo davvero riconoscenti alla vita, che ci ha destinati a questa meravigliosa parte di mondo: Vallelunga \u00e8 una valle ancora tranquilla e incontaminata, il cui fascino [&hellip;]","og_url":"https:\/\/www.fliri.net\/it\/dove-siamo\/","og_site_name":"Richard Fliri | Ferienwohnungen in der N\u00e4he des Reschensee","article_modified_time":"2016-11-27T20:05:54+00:00","og_image":[{"width":600,"height":351,"url":"https:\/\/www.fliri.net\/wp-content\/uploads\/lage3.jpg","type":"image\/jpeg"}],"twitter_card":"summary_large_image","twitter_misc":{"Tempo di lettura stimato":"2 minuti"},"schema":{"@context":"https:\/\/schema.org","@graph":[{"@type":"WebPage","@id":"https:\/\/www.fliri.net\/it\/dove-siamo\/","url":"https:\/\/www.fliri.net\/it\/dove-siamo\/","name":"Dove siamo - Richard Fliri | Ferienwohnungen in der N\u00e4he des Reschensee","isPartOf":{"@id":"https:\/\/www.fliri.net\/#website"},"primaryImageOfPage":{"@id":"https:\/\/www.fliri.net\/it\/dove-siamo\/#primaryimage"},"image":{"@id":"https:\/\/www.fliri.net\/it\/dove-siamo\/#primaryimage"},"thumbnailUrl":"https:\/\/www.fliri.net\/wp-content\/uploads\/lage3.jpg","datePublished":"2016-11-12T10:41:29+00:00","dateModified":"2016-11-27T20:05:54+00:00","breadcrumb":{"@id":"https:\/\/www.fliri.net\/it\/dove-siamo\/#breadcrumb"},"inLanguage":"it-IT","potentialAction":[{"@type":"ReadAction","target":["https:\/\/www.fliri.net\/it\/dove-siamo\/"]}]},{"@type":"ImageObject","inLanguage":"it-IT","@id":"https:\/\/www.fliri.net\/it\/dove-siamo\/#primaryimage","url":"https:\/\/www.fliri.net\/wp-content\/uploads\/lage3.jpg","contentUrl":"https:\/\/www.fliri.net\/wp-content\/uploads\/lage3.jpg","width":600,"height":351},{"@type":"BreadcrumbList","@id":"https:\/\/www.fliri.net\/it\/dove-siamo\/#breadcrumb","itemListElement":[{"@type":"ListItem","position":1,"name":"Startseite","item":"https:\/\/www.fliri.net\/it\/"},{"@type":"ListItem","position":2,"name":"Dove siamo"}]},{"@type":"WebSite","@id":"https:\/\/www.fliri.net\/#website","url":"https:\/\/www.fliri.net\/","name":"Richard Fliri | Nat\u00fcrliches Ferienwohnen","description":"Nat\u00fcrliches Ferienwohnen","potentialAction":[{"@type":"SearchAction","target":{"@type":"EntryPoint","urlTemplate":"https:\/\/www.fliri.net\/?s={search_term_string}"},"query-input":{"@type":"PropertyValueSpecification","valueRequired":true,"valueName":"search_term_string"}}],"inLanguage":"it-IT"}]}},"coauthors":[],"author_meta":{"author_link":"https:\/\/www.fliri.net\/it\/author\/pixelguru\/","display_name":"pixelguru"},"relative_dates":{"created":"Pubblicato 9 anni fa","modified":"Aggiornato 9 anni fa"},"absolute_dates":{"created":"Pubblicato il 12. Novembre 2016","modified":"Aggiornato il 27. Novembre 2016"},"absolute_dates_time":{"created":"Pubblicato il 12. Novembre 2016 11:41","modified":"Aggiornato il 27. Novembre 2016 21:05"},"featured_img_caption":"","featured_img":"https:\/\/www.fliri.net\/wp-content\/uploads\/lage3.jpg","series_order":"","_links":{"self":[{"href":"https:\/\/www.fliri.net\/it\/wp-json\/wp\/v2\/pages\/127","targetHints":{"allow":["GET"]}}],"collection":[{"href":"https:\/\/www.fliri.net\/it\/wp-json\/wp\/v2\/pages"}],"about":[{"href":"https:\/\/www.fliri.net\/it\/wp-json\/wp\/v2\/types\/page"}],"author":[{"embeddable":true,"href":"https:\/\/www.fliri.net\/it\/wp-json\/wp\/v2\/users\/1"}],"replies":[{"embeddable":true,"href":"https:\/\/www.fliri.net\/it\/wp-json\/wp\/v2\/comments?post=127"}],"version-history":[{"count":0,"href":"https:\/\/www.fliri.net\/it\/wp-json\/wp\/v2\/pages\/127\/revisions"}],"wp:featuredmedia":[{"embeddable":true,"href":"https:\/\/www.fliri.net\/it\/wp-json\/wp\/v2\/media\/85"}],"wp:attachment":[{"href":"https:\/\/www.fliri.net\/it\/wp-json\/wp\/v2\/media?parent=127"}],"curies":[{"name":"wp","href":"https:\/\/api.w.org\/{rel}","templated":true}]}}